{"id":530,"date":"2024-06-26T17:05:53","date_gmt":"2024-06-26T20:05:53","guid":{"rendered":"https:\/\/drasilviareginavalgas.com.br\/?page_id=530"},"modified":"2024-06-26T17:14:44","modified_gmt":"2024-06-26T20:14:44","slug":"blog-2","status":"publish","type":"page","link":"https:\/\/drasilviareginavalgas.com.br\/index.php\/blog-2\/","title":{"rendered":"Blog"},"content":{"rendered":"\t\t<div data-elementor-type=\"wp-page\" data-elementor-id=\"530\" class=\"elementor elementor-530\" data-elementor-post-type=\"page\">\n\t\t\t\t<div class=\"elementor-element elementor-element-52f6102 e-flex e-con-boxed e-con e-parent\" data-id=\"52f6102\" data-element_type=\"container\" data-settings=\"{&quot;background_background&quot;:&quot;classic&quot;}\">\n\t\t\t\t\t<div class=\"e-con-inner\">\n\t\t\t\t<div class=\"elementor-element elementor-element-0c60232 elementor-widget elementor-widget-heading\" data-id=\"0c60232\" data-element_type=\"widget\" data-widget_type=\"heading.default\">\n\t\t\t\t<div class=\"elementor-widget-container\">\n\t\t\t<style>\/*! elementor - v3.21.0 - 26-05-2024 *\/\n.elementor-heading-title{padding:0;margin:0;line-height:1}.elementor-widget-heading .elementor-heading-title[class*=elementor-size-]>a{color:inherit;font-size:inherit;line-height:inherit}.elementor-widget-heading .elementor-heading-title.elementor-size-small{font-size:15px}.elementor-widget-heading .elementor-heading-title.elementor-size-medium{font-size:19px}.elementor-widget-heading .elementor-heading-title.elementor-size-large{font-size:29px}.elementor-widget-heading .elementor-heading-title.elementor-size-xl{font-size:39px}.elementor-widget-heading .elementor-heading-title.elementor-size-xxl{font-size:59px}<\/style><h2 class=\"elementor-heading-title elementor-size-default\">Nosso Blog<\/h2>\t\t<\/div>\n\t\t\t\t<\/div>\n\t\t\t\t\t<\/div>\n\t\t\t\t<\/div>\n\t\t<div class=\"elementor-element elementor-element-4b40488 e-flex e-con-boxed e-con e-parent\" data-id=\"4b40488\" data-element_type=\"container\">\n\t\t\t\t\t<div class=\"e-con-inner\">\n\t\t\t\t<div class=\"elementor-element elementor-element-be739be elementor-grid-tablet-3 animated-slow elementor-grid-3 elementor-grid-mobile-1 elementor-posts--thumbnail-top elementor-widget elementor-widget-posts\" data-id=\"be739be\" data-element_type=\"widget\" data-settings=\"{&quot;classic_columns_tablet&quot;:&quot;3&quot;,&quot;pagination_type&quot;:&quot;numbers&quot;,&quot;_animation&quot;:&quot;none&quot;,&quot;classic_columns&quot;:&quot;3&quot;,&quot;classic_columns_mobile&quot;:&quot;1&quot;,&quot;classic_row_gap&quot;:{&quot;unit&quot;:&quot;px&quot;,&quot;size&quot;:35,&quot;sizes&quot;:[]},&quot;classic_row_gap_tablet&quot;:{&quot;unit&quot;:&quot;px&quot;,&quot;size&quot;:&quot;&quot;,&quot;sizes&quot;:[]},&quot;classic_row_gap_mobile&quot;:{&quot;unit&quot;:&quot;px&quot;,&quot;size&quot;:&quot;&quot;,&quot;sizes&quot;:[]}}\" data-widget_type=\"posts.classic\">\n\t\t\t\t<div class=\"elementor-widget-container\">\n\t\t\t<link rel=\"stylesheet\" href=\"https:\/\/drasilviareginavalgas.com.br\/wp-content\/plugins\/elementor-pro\/assets\/css\/widget-posts.min.css\">\t\t<div class=\"elementor-posts-container elementor-posts elementor-posts--skin-classic elementor-grid\">\n\t\t\t\t<article class=\"elementor-post elementor-grid-item post-304 post type-post status-publish format-standard has-post-thumbnail hentry category-blog category-curiosidades-da-oftalmologia\">\n\t\t\t\t<a class=\"elementor-post__thumbnail__link\" href=\"https:\/\/drasilviareginavalgas.com.br\/index.php\/2023\/11\/24\/desvendando-mitos-da-visao\/\" tabindex=\"-1\" >\n\t\t\t<div class=\"elementor-post__thumbnail\"><img fetchpriority=\"high\" decoding=\"async\" width=\"300\" height=\"200\" src=\"https:\/\/drasilviareginavalgas.com.br\/wp-content\/uploads\/2023\/11\/menina-checando-a-visao-no-centro-de-oftalmologia_1303-27494.webp\" class=\"attachment-medium size-medium wp-image-305\" alt=\"\" \/><\/div>\n\t\t<\/a>\n\t\t\t\t<div class=\"elementor-post__text\">\n\t\t\t\t<h3 class=\"elementor-post__title\">\n\t\t\t<a href=\"https:\/\/drasilviareginavalgas.com.br\/index.php\/2023\/11\/24\/desvendando-mitos-da-visao\/\" >\n\t\t\t\tDesvendando Mitos da Vis\u00e3o\t\t\t<\/a>\n\t\t<\/h3>\n\t\t\t\t<div class=\"elementor-post__meta-data\">\n\t\t\t\t\t<span class=\"elementor-post-date\">\n\t\t\t24 de novembro de 2023\t\t<\/span>\n\t\t\t\t<\/div>\n\t\t\t\t<div class=\"elementor-post__excerpt\">\n\t\t\t<p>Lorem ipsum dolor sit amet, consectetur adipiscing elit. Sed do eiusmod tempor incididunt ut labore et dolore magna aliqua. Ut enim ad minim veniam, quis nostrud exercitation ullamco laboris nisi<\/p>\n\t\t<\/div>\n\t\t\t\t\t<div class=\"elementor-post__read-more-wrapper\">\n\t\t\n\t\t<a class=\"elementor-post__read-more\" href=\"https:\/\/drasilviareginavalgas.com.br\/index.php\/2023\/11\/24\/desvendando-mitos-da-visao\/\" aria-label=\"Read more about Desvendando Mitos da Vis\u00e3o\" tabindex=\"-1\" >\n\t\t\tLeia mais \u00bb\t\t<\/a>\n\n\t\t\t\t\t<\/div>\n\t\t\t\t<\/div>\n\t\t\t\t<\/article>\n\t\t\t\t<article class=\"elementor-post elementor-grid-item post-301 post type-post status-publish format-standard has-post-thumbnail hentry category-blog category-dicas-e-cuidados\">\n\t\t\t\t<a class=\"elementor-post__thumbnail__link\" href=\"https:\/\/drasilviareginavalgas.com.br\/index.php\/2023\/11\/24\/olhos-saudaveis-dicas-e-cuidados\/\" tabindex=\"-1\" >\n\t\t\t<div class=\"elementor-post__thumbnail\"><img decoding=\"async\" width=\"300\" height=\"257\" src=\"https:\/\/drasilviareginavalgas.com.br\/wp-content\/uploads\/2023\/11\/2210.i605.044.F.m005.c9.ophthalmologist.webp\" class=\"attachment-medium size-medium wp-image-302\" alt=\"\" \/><\/div>\n\t\t<\/a>\n\t\t\t\t<div class=\"elementor-post__text\">\n\t\t\t\t<h3 class=\"elementor-post__title\">\n\t\t\t<a href=\"https:\/\/drasilviareginavalgas.com.br\/index.php\/2023\/11\/24\/olhos-saudaveis-dicas-e-cuidados\/\" >\n\t\t\t\tOlhos Saud\u00e1veis: Dicas e Cuidados\t\t\t<\/a>\n\t\t<\/h3>\n\t\t\t\t<div class=\"elementor-post__meta-data\">\n\t\t\t\t\t<span class=\"elementor-post-date\">\n\t\t\t24 de novembro de 2023\t\t<\/span>\n\t\t\t\t<\/div>\n\t\t\t\t<div class=\"elementor-post__excerpt\">\n\t\t\t<p>Lorem ipsum dolor sit amet, consectetur adipiscing elit. Sed do eiusmod tempor incididunt ut labore et dolore magna aliqua. Ut enim ad minim veniam, quis nostrud exercitation ullamco laboris nisi<\/p>\n\t\t<\/div>\n\t\t\t\t\t<div class=\"elementor-post__read-more-wrapper\">\n\t\t\n\t\t<a class=\"elementor-post__read-more\" href=\"https:\/\/drasilviareginavalgas.com.br\/index.php\/2023\/11\/24\/olhos-saudaveis-dicas-e-cuidados\/\" aria-label=\"Read more about Olhos Saud\u00e1veis: Dicas e Cuidados\" tabindex=\"-1\" >\n\t\t\tLeia mais \u00bb\t\t<\/a>\n\n\t\t\t\t\t<\/div>\n\t\t\t\t<\/div>\n\t\t\t\t<\/article>\n\t\t\t\t<article class=\"elementor-post elementor-grid-item post-297 post type-post status-publish format-standard has-post-thumbnail hentry category-blog category-inovacoes-em-oftalmologia\">\n\t\t\t\t<a class=\"elementor-post__thumbnail__link\" href=\"https:\/\/drasilviareginavalgas.com.br\/index.php\/2023\/11\/24\/visao-do-futuro-inovacoes-em-oftalmologia\/\" tabindex=\"-1\" >\n\t\t\t<div class=\"elementor-post__thumbnail\"><img decoding=\"async\" width=\"300\" height=\"200\" src=\"https:\/\/drasilviareginavalgas.com.br\/wp-content\/uploads\/2023\/11\/medium-shot-woman-getting-her-eyes-checked.jpg\" class=\"attachment-medium size-medium wp-image-298\" alt=\"\" \/><\/div>\n\t\t<\/a>\n\t\t\t\t<div class=\"elementor-post__text\">\n\t\t\t\t<h3 class=\"elementor-post__title\">\n\t\t\t<a href=\"https:\/\/drasilviareginavalgas.com.br\/index.php\/2023\/11\/24\/visao-do-futuro-inovacoes-em-oftalmologia\/\" >\n\t\t\t\tVis\u00e3o do Futuro: Inova\u00e7\u00f5es em Oftalmologia\t\t\t<\/a>\n\t\t<\/h3>\n\t\t\t\t<div class=\"elementor-post__meta-data\">\n\t\t\t\t\t<span class=\"elementor-post-date\">\n\t\t\t24 de novembro de 2023\t\t<\/span>\n\t\t\t\t<\/div>\n\t\t\t\t<div class=\"elementor-post__excerpt\">\n\t\t\t<p>Lorem ipsum dolor sit amet, consectetur adipiscing elit. Sed do eiusmod tempor incididunt ut labore et dolore magna aliqua. Ut enim ad minim veniam, quis nostrud exercitation ullamco laboris nisi<\/p>\n\t\t<\/div>\n\t\t\t\t\t<div class=\"elementor-post__read-more-wrapper\">\n\t\t\n\t\t<a class=\"elementor-post__read-more\" href=\"https:\/\/drasilviareginavalgas.com.br\/index.php\/2023\/11\/24\/visao-do-futuro-inovacoes-em-oftalmologia\/\" aria-label=\"Read more about Vis\u00e3o do Futuro: Inova\u00e7\u00f5es em Oftalmologia\" tabindex=\"-1\" >\n\t\t\tLeia mais \u00bb\t\t<\/a>\n\n\t\t\t\t\t<\/div>\n\t\t\t\t<\/div>\n\t\t\t\t<\/article>\n\t\t\t\t<\/div>\n\t\t\n\t\t\t\t<\/div>\n\t\t\t\t<\/div>\n\t\t\t\t\t<\/div>\n\t\t\t\t<\/div>\n\t\t\t\t<\/div>\n\t\t","protected":false},"excerpt":{"rendered":"<p>Nosso Blog<\/p>\n","protected":false},"author":1,"featured_media":0,"parent":0,"menu_order":0,"comment_status":"closed","ping_status":"closed","template":"elementor_header_footer","meta":{"_monsterinsights_skip_tracking":false,"_monsterinsights_sitenote_active":false,"_monsterinsights_sitenote_note":"","_monsterinsights_sitenote_category":0,"footnotes":""},"aioseo_notices":[],"_links":{"self":[{"href":"https:\/\/drasilviareginavalgas.com.br\/index.php\/wp-json\/wp\/v2\/pages\/530"}],"collection":[{"href":"https:\/\/drasilviareginavalgas.com.br\/index.php\/wp-json\/wp\/v2\/pages"}],"about":[{"href":"https:\/\/drasilviareginavalgas.com.br\/index.php\/wp-json\/wp\/v2\/types\/page"}],"author":[{"embeddable":true,"href":"https:\/\/drasilviareginavalgas.com.br\/index.php\/wp-json\/wp\/v2\/users\/1"}],"replies":[{"embeddable":true,"href":"https:\/\/drasilviareginavalgas.com.br\/index.php\/wp-json\/wp\/v2\/comments?post=530"}],"version-history":[{"count":7,"href":"https:\/\/drasilviareginavalgas.com.br\/index.php\/wp-json\/wp\/v2\/pages\/530\/revisions"}],"predecessor-version":[{"id":538,"href":"https:\/\/drasilviareginavalgas.com.br\/index.php\/wp-json\/wp\/v2\/pages\/530\/revisions\/538"}],"wp:attachment":[{"href":"https:\/\/drasilviareginavalgas.com.br\/index.php\/wp-json\/wp\/v2\/media?parent=530"}],"curies":[{"name":"wp","href":"https:\/\/api.w.org\/{rel}","templated":true}]}}